{"id":212,"date":"2018-10-11T19:53:07","date_gmt":"2018-10-11T19:53:07","guid":{"rendered":"http:\/\/www.made-by-doreen.de\/?page_id=212"},"modified":"2019-12-06T09:10:39","modified_gmt":"2019-12-06T09:10:39","slug":"datenschutz","status":"publish","type":"page","link":"https:\/\/www.made-by-doreen.de\/?page_id=212","title":{"rendered":"Datenschutzerkl\u00e4rung"},"content":{"rendered":"<p>Die Erkl\u00e4rung zur Datenschutzgrundverordnung wird noch anwaltlich \u00fcberarbeitet.<\/p>\n<p>&nbsp;<\/p>\n<p>Der Webauftritt \u201eMade by Doreen\u201c ist ein Blog zu Buchinfos und Buchprojekten. Die Linkadresse lautet: <a href=\"http:\/\/www.made-by-doreen.de\">www.made-by-doreen.de<\/a>. Als verantwortliche Stelle, die als nat\u00fcrliche oder juristische Person \u00fcber die Art und Weise der Verarbeitung von personenbezogenen Daten entscheidet, ist nachfolgend genannt:<\/p>\n<p>Made by Doreen<\/p>\n<p>Doreen F\u00f6rtsch<\/p>\n<p>Johannisstra\u00dfe 10<\/p>\n<p>90419 N\u00fcrnberg<\/p>\n<p>E-Mail: <a href=\"mailto:made-by-doreen@gmx.de\">made-by-doreen@gmx.de<\/a><\/p>\n<p>&nbsp;<\/p>\n<p>Der Webhoster WebNet-Service.de (<a href=\"https:\/\/www.webnet-service.de\/\">https:\/\/www.webnet-service.de\/<\/a>) wird f\u00fcr diesen Blog verwendet. (Datenschutzerkl\u00e4rung: <a href=\"https:\/\/www.webnet-service.de\/impressum.htm\">https:\/\/www.webnet-service.de\/impressum.htm<\/a>)<\/p>\n<p>&nbsp;<\/p>\n<p><strong>Rechtsgrundlage<\/strong><\/p>\n<p>Nach Art. 13 der DSVGO besteht eine Informationspflicht vor der Erhebung von personenbezogenen Daten gegen\u00fcber betroffenen Personen.<\/p>\n<p>&nbsp;<\/p>\n<p><strong>Blogbeitr\u00e4ge<\/strong><\/p>\n<p>Die ver\u00f6ffentlichten Texte in den Men\u00fcpunkten auf der Startseite, im Slider, in den Referenzboxen und in den einzelnen Blogbeitr\u00e4gen wurden vom Verantwortlichen der Internetseite, der gleichzeitig auch Urheber ist, erstellt und unterliegen dem Urheberrecht bzw. Copyright. Davon ausgenommen k\u00f6nnen kostenlose Buchbranchenportraits sein, die in Zusammenarbeit mit dem portraitierten Buchbranchenteilnehmer verfasst wurden. Deren Ver\u00f6ffentlichungsform kann als \u201eInterview\u201c oder \u201eGastbeitrag\u201c erfolgen und diese werden \u00fcber diese Bezeichnungen auch f\u00fcr Leser kenntlich gemacht. Voraussetzung f\u00fcr eine Ver\u00f6ffentlichung ist die zuvor eingeholte Einwilligung des betreffenden Buchbranchenteilnehmers und der<\/p>\n<p>&nbsp;<\/p>\n<p><strong>Fotos, Bilder, Graphiken und Werbeanzeigen<\/strong><\/p>\n<p>Die meisten auf \u201eMade by Doreen\u201c ver\u00f6ffentlichten Fotos, Bilder und Werbeanzeigen in den Formaten jpg, gif, psd und png wurden vom Verantwortlichen der Internetseite erstellt, der gleichzeitig auch Urheber ist, und unterliegen dem Urheberrecht bzw. Copyright. Sind darunter Fotos, Bilder, Graphiken und Werbeanzeigen, die von anderen Urhebern stammen, wurde deren Einwilligung zur Ver\u00f6ffentlichung vorab eingeholt sowie eine Quellenangabe mit Angabe des Namens und\/oder Nennung der entsprechenden Internetseite nebst dazugeh\u00f6riger Verlinkung erstellt.<\/p>\n<p>&nbsp;<\/p>\n<p><strong>Kommentare und Abruf von Profilbildern bei Gravatar<\/strong><\/p>\n<p>Wenn Nutzer bzw. User Kommentare verfassen, werden die Daten gesammelt, die im Kommentarformular aufgef\u00fchrt sind. Hinzu kommt die IP-Adresse des Nutzers bzw. Users und der User-Agent-String (hierdurch erfolgt eine Identifizierung des Browsers), um die Erkennung von Spam zu unterst\u00fctzen (Rechtsgrundlage: Art. 6 Abs. Nr. a der DSVGO).<\/p>\n<p>Aus der E-Mail-Adresse des Kommentators kann eine anonymisierte Zeichenfolge erstellt (Hash) und dem Gravatar-Dienst der Automattic Inc., 60 29th Street #343, San Francisco, CA 94110, USA, \u00fcbergeben werden, um zu pr\u00fcfen, ob der Kommentator diesen benutzt und um ein eventuell mit dieser E-Mail-Adresse verkn\u00fcpftes Nutzer- bzw. Userbilder innerhalb der Kommentare anzuzeigen. Die E-Mail-Adresse wird verschl\u00fcsselt an die Server von Gravatar in Irland, in die USA oder nach S\u00fcdafrika \u00fcbertragen. Nachdem der Kommentar freigegeben wurde, kann das Profilbild des Kommentators \u00f6ffentlich im Kontext des Kommentars sichtbar sein. Durch die Anzeige der Bilder kann Gravatar die IP-Adresse der Nutzer zur Wiedererkennung speichern. Die Rechtsgrundlage beruht auf Art. 6 Abs. 1 Nr. f sowie Art. 13 Abs. 1 Nr. d und f der DSVGO. Die Datenschutzerkl\u00e4rung, sowie Informationen zur Erhebung und Nutzung der Daten des Gravatar-Dienstes findet sich unter: <a href=\"https:\/\/automattic.com\/privacy\/\">https:\/\/automattic.com\/privacy\/<\/a> (Gravatar ist nach dem privacyshield zertifiziert: <a href=\"https:\/\/www.privacyshield.gov\/participant?id=a2zt0000000CbqcAAC&amp;status=Active\">https:\/\/www.privacyshield.gov\/participant?id=a2zt0000000CbqcAAC&amp;status=Active<\/a>.).<\/p>\n<p>&nbsp;<\/p>\n<p><strong>Kontakt und Cookies<\/strong><\/p>\n<p>Falls Kommentare auf unserer Website geschrieben werden, kann dies eine Einwilligung (Rechtsgrundlage ist Art. 6 Abs. 1 Nr. a) sein, dass Vor- und\/oder Nachname, die E-Mail-Adresse und die Website in Cookies gespeichert werden. Jene Komfortfunktion, erm\u00f6glicht es bei weiteren Kommentaren, dass Daten nicht nochmals einzugeben sind. Die m\u00f6gliche Verarbeitung personenbezogener Daten dient der eventuellen Kontaktaufnahme \u00a0(Rechtsgrundlage: Art. 6 Abs. 1 Nr. b und Art. 6 Abs. 1 Nr. f der DSGVO). Eine Deaktivierung der Cookies ist \u00fcber den Browser m\u00f6glich. Diese Cookies werden ein Jahr lang gespeichert.<\/p>\n<p>&nbsp;<\/p>\n<p><strong>Google Analytics<\/strong><\/p>\n<p>Google Analytics wird zur Verbesserung der Funktionen eingesetzt und geh\u00f6rt zu Google Inc., 1600 Amphitheatre Parkway, Mountain View, CA 94043 in den USA. Die von Google Analytics verwendeten Textdateien \u00e4hneln Cookies und werden auf dem Computer des Nutzers bzw. Users gespeichert, um ein Analysieren der Benutzung der Webseite durch diesen zu gew\u00e4hrleisten. Die hierdurch gewonnenen Informationen werden an einen Google-Server in den USA zur Speicherung und Verbesserung der Funktionalit\u00e4t sowie f\u00fcr Auswertungen zum Nutzungsverhalten weitergeleitet. Mit Hilfe von Opt-out-Cookies kann einer \u00dcbertragung der eigenen Daten unterbunden werden. \u00dcber das Privacy-Shield-Abkommen hat sich Google dazu verpflichtet das europ\u00e4ische Datenschutzrecht einzuhalten (Rechtsgrundlage: Art. 6 Abs. 1 Nr. f der DSGVO).<\/p>\n<p>&nbsp;<\/p>\n<p><strong>Betroffenenrechte<\/strong><\/p>\n<p>Es besteht gem\u00e4\u00df Art. 15 ff. der DSVGO das Recht Ausk\u00fcnfte \u00fcber verarbeitete personenbezogene Daten einzuholen. Das beinhaltet Verarbeitungszwecke, welchen Stellen aus rechtlichen und\/oder gesetzlichen Vorschriften Ihre Daten offengelegt wurden bzw. werden und die voraussichtliche Speicherdauer. Des Weiteren haben Sie das Recht auf Berichtigungen bzw. Vervollst\u00e4ndigung, eine L\u00f6schung, die Einschr\u00e4nkung der Verarbeitung, den Widerspruch gegen die Verarbeitung, eine Beschwerde bei einer Aufsichtsbeh\u00f6rde und Informationen \u00fcber die Herkunft Ihrer personenbezogenen Daten, wenn wir diese Daten nicht bei Ihnen erhoben haben.<\/p>\n<p>Bez\u00fcglich des Rechtes der L\u00f6schung personenbezogener Daten, wird darauf verwiesen, dass solche Daten nicht gel\u00f6scht werden k\u00f6nnen, die aufgrund administrativer, rechtlicher oder sicherheitsrelevanter Notwendigkeiten aufbewahrt werden m\u00fcssen.<\/p>\n<p>Wenn auf unserem Webportal von einem User bzw. Nutzer ein Kommentar geschrieben wurde, kann dieser einen Export von seinen bzw. ihren personenbezogenen Daten anfordern.<\/p>\n<p>&nbsp;<\/p>\n<p><strong>Widerrufsrechte und Beschwerderecht<\/strong><\/p>\n<p>Zu allen erteilten Einwilligungen (dienstleistungsbezogene Verarbeitung personenbezogener Daten sowie Kommentaren) in Bezug auf die Verarbeitung von personenbezogenen Daten haben Sie das Recht laut Art. 7 Abs. 3 der DSVGO, diese f\u00fcr die Zukunft zu widerrufen. Ab dem Widerruf werden alle personenbezogenen Daten des jeweils Betroffenen sobald wie m\u00f6glich gel\u00f6scht.<\/p>\n<p>Sie haben nach Art. 77 der DSVGO das Recht bei Aufsichtsbeh\u00f6rden Beschwerde einzulegen, wenn die Verarbeitung Ihrer personenbezogenen Daten gegen die DSVGO versto\u00dfen sollte.<\/p>\n<p>&nbsp;<\/p>\n<p><strong>Speicherdauer<\/strong><\/p>\n<p>Wenn ein Kommentar geschrieben wurde, wird dieser inklusive Metadaten zeitlich unbegrenzt auf unserer Internetseite gespeichert. Auf diese Art k\u00f6nnen Folgekommentare automatisch erkannt und freigeben werden, anstelle sie in einer Moderations-Warteschlange festhalten zu m\u00fcssen. Nicht freigegebene bzw. freigegebene Kommentare k\u00f6nnen bzw. m\u00fcssen nach bestimmten Zeitabl\u00e4ufen und\/oder rechtlichen Gr\u00fcnden gel\u00f6scht werden (Rechtsgrundlage: Art. 6 Abs. 1 Nr. a und b der DSVGO).<\/p>\n<p>Die Speicherdauer von Cookies von Google Analytics betr\u00e4gt 14 Monate (aufgrund des Interesses der Analyse des Nutzerverhaltens zur Verbesserung der Werbung beruht die Rechtsgrundlage auf Art. 6. Abs. 1 Nr. f der DSVGO).<\/p>\n<p>&nbsp;<\/p>\n<p><strong>Google Fonts<\/strong><\/p>\n<p>Wir binden die Schriftarten (\u201eGoogle Fonts\u201c) des Anbieters Google LLC, 1600 Amphitheatre Parkway, Mountain View, CA 94043, USA, ein, da wir gem\u00e4\u00df Art. 6 Abs. 1 Nr. f diese f\u00fcr ein ausgewogenes typografisches Erscheinungsbild Nutzen k\u00f6nnen oder auch nicht. Durch das Nachladen von Schriften durch den Google Server werden Daten in die USA \u00fcbertragen und hierr\u00fcber wird ein Profiling betrieben. Google h\u00e4lt sich hierbei an das Abkommen zum Privacy Shield. Datenschutzerkl\u00e4rung: <a href=\"https:\/\/www.google.com\/policies\/privacy\/\">https:\/\/www.google.com\/policies\/privacy\/<\/a>, Opt-Out: <a href=\"https:\/\/adssettings.google.com\/authenticated\">https:\/\/adssettings.google.com\/authenticated<\/a>.<\/p>\n<p>&nbsp;<\/p>\n<p><strong>Social Media<\/strong><\/p>\n<p>In den folgend genannten Sozialen Medien k\u00f6nnen zuk\u00fcnftig Online-Pr\u00e4senzen betrieben werden. Dies dient zur Information und\/oder Kommunikation mit Nutzern bzw. Usern. \u00dcber die Logo-Buttons dieser sozialen Netzwerke werden Sie an die jeweilige Internetseite weitergeleitet, auf denen die Gesch\u00e4ftsbedingungen und Datenschutzerkl\u00e4rungen des entsprechenden Betreibers G\u00fcltigkeit haben. Bis auf Instagram sind die nachfolgend genannten Sozialen Medien beim Privacy Shield zertifiziert.<\/p>\n<p>Instagram (verantwortliche Stelle: Instagram Inc., 1601 Willow Road, Menlo Park, CA, 94025, USA; Datenschutzerkl\u00e4rung: <a href=\"https:\/\/instagram-basics.de\/datenschutzerklaerung\/\">https:\/\/instagram-basics.de\/datenschutzerklaerung\/<\/a>)<\/p>\n<p>Das berechtigte Interesse ist ein effektiveres, sicheres und nutzerfreundlicheres Angebot auf der Internetseite zur Verf\u00fcgung zu stellen (gem\u00e4\u00df Art. 6 Nr. f der DSVGO).<\/p>\n<p>Pinterest (verantwortliche Stelle: Pinterest Inc., 651 Brannan Street, San Francisco, CA 94103, USA; Datenschutzerkl\u00e4rung: <a href=\"https:\/\/policy.pinterest.com\/de\/privacy-policy\">https:\/\/policy.pinterest.com\/de\/privacy-policy<\/a>)<\/p>\n<p>Interessante Infos von Nutzern auf der Webseite anderen Nutzern zur Verf\u00fcgung zu stellen, ist das berechtigte Interesse (gem\u00e4\u00df Art. 6 Nr. f der DSVGO).<\/p>\n<p>Facebook (verantwortliche Stelle: Facebook, 1 Hacker Way, 94025 Menlo Park, CA, USA; Datenschutzerkl\u00e4rung: <a href=\"https:\/\/de-de.facebook.com\/policy.php\">https:\/\/de-de.facebook.com\/policy.php<\/a>)<\/p>\n<p>Das Anzeigen personalisierter Inhalte und von anderen Nutzern bereitgestellte Informationen sowie Kommunikationsverl\u00e4ufe stellen das berechtigte Interesse dar (gem\u00e4\u00df Art. 6 Nr. f der DSVGO).<\/p>\n<p>Twitter (verantwortliche Stelle: Twitter Inc., 1355 Market Street, San Francisco, CA 94103, USA; Datenschutzerkl\u00e4rung: <a href=\"https:\/\/twitter.com\/de\/privacy\">https:\/\/twitter.com\/de\/privacy<\/a>)<\/p>\n<p>\u00dcber Tweets werden Informationen ausgewertet, die es erm\u00f6glichen andere relevante Inhalte zu pr\u00e4sentieren (Berechtigtes Interesse gem\u00e4\u00df Art. 6 Nr. f der DSVGO).<\/p>\n<p>Linkedin (verantwortliche Stelle: LinkedIn Germany GmbH, Sendlinger Stra\u00dfe 12, 80331 M\u00fcnchen; Datenschutzerkl\u00e4rung: <a href=\"https:\/\/www.linkedin.com\/legal\/privacy-policy?_l=de_DE\">https:\/\/www.linkedin.com\/legal\/privacy-policy?_l=de_DE<\/a>)<\/p>\n<p>Die Vernetzung von Fach- und F\u00fchrungskr\u00e4ften stellt das berechtigte Interesse (gem\u00e4\u00df Art. 6 Nr. f der DSVGO) dar, damit diese produktiver und erfolgreicher agieren k\u00f6nnen.<\/p>\n<p>&nbsp;<\/p>\n<p>&nbsp;<\/p>\n","protected":false},"excerpt":{"rendered":"<p>Die Erkl\u00e4rung zur Datenschutzgrundverordnung wird noch anwaltlich \u00fcberarbeitet. &nbsp; Der Webauftritt \u201eMade by Doreen\u201c ist ein Blog zu Buchinfos und Buchprojekten. Die Linkadresse lautet: www.made-by-doreen.de. Als verantwortliche Stelle, die als nat\u00fcrliche oder juristische Person \u00fcber die Art und Weise der Verarbeitung von personenbezogenen Daten entscheidet, ist nachfolgend genannt: Made by Doreen Doreen F\u00f6rtsch Johannisstra\u00dfe 10 [&hellip;]<\/p>\n","protected":false},"author":1,"featured_media":0,"parent":0,"menu_order":2,"comment_status":"closed","ping_status":"closed","template":"","meta":{"footnotes":""},"class_list":["post-212","page","type-page","status-publish","hentry"],"_links":{"self":[{"href":"https:\/\/www.made-by-doreen.de\/index.php?rest_route=\/wp\/v2\/pages\/212","targetHints":{"allow":["GET"]}}],"collection":[{"href":"https:\/\/www.made-by-doreen.de\/index.php?rest_route=\/wp\/v2\/pages"}],"about":[{"href":"https:\/\/www.made-by-doreen.de\/index.php?rest_route=\/wp\/v2\/types\/page"}],"author":[{"embeddable":true,"href":"https:\/\/www.made-by-doreen.de\/index.php?rest_route=\/wp\/v2\/users\/1"}],"replies":[{"embeddable":true,"href":"https:\/\/www.made-by-doreen.de\/index.php?rest_route=%2Fwp%2Fv2%2Fcomments&post=212"}],"version-history":[{"count":6,"href":"https:\/\/www.made-by-doreen.de\/index.php?rest_route=\/wp\/v2\/pages\/212\/revisions"}],"predecessor-version":[{"id":311,"href":"https:\/\/www.made-by-doreen.de\/index.php?rest_route=\/wp\/v2\/pages\/212\/revisions\/311"}],"wp:attachment":[{"href":"https:\/\/www.made-by-doreen.de\/index.php?rest_route=%2Fwp%2Fv2%2Fmedia&parent=212"}],"curies":[{"name":"wp","href":"https:\/\/api.w.org\/{rel}","templated":true}]}}