{"id":32,"date":"2017-05-06T21:02:35","date_gmt":"2017-05-06T19:02:35","guid":{"rendered":"http:\/\/made-by-doreen.localhost\/?page_id=32"},"modified":"2017-07-21T05:02:34","modified_gmt":"2017-07-21T05:02:34","slug":"referenz-mitglied-der-freien-autorengruppe-die-schreiberlinge","status":"publish","type":"page","link":"https:\/\/www.made-by-doreen.de\/?page_id=32","title":{"rendered":"Referenz: Mitglied der freien Autorengruppe &#8222;Die Schreiberlinge&#8220;"},"content":{"rendered":"<p>&nbsp;<\/p>\n<p><img loading=\"lazy\" decoding=\"async\" class=\"alignnone size-medium wp-image-56\" src=\"http:\/\/www.made-by-doreen.de\/wp-content\/uploads\/2017\/05\/Vampyrus-Lesezeichen-300x96.jpg\" alt=\"\" width=\"300\" height=\"96\" srcset=\"https:\/\/www.made-by-doreen.de\/wp-content\/uploads\/2017\/05\/Vampyrus-Lesezeichen-300x96.jpg 300w, https:\/\/www.made-by-doreen.de\/wp-content\/uploads\/2017\/05\/Vampyrus-Lesezeichen-768x247.jpg 768w, https:\/\/www.made-by-doreen.de\/wp-content\/uploads\/2017\/05\/Vampyrus-Lesezeichen-1024x329.jpg 1024w\" sizes=\"auto, (max-width: 300px) 100vw, 300px\" \/><\/p>\n<p>Als Gr\u00fcndungsmitglied der seit November 2006 in N\u00fcrnberg ans\u00e4ssigen freien Autorengruppe &#8222;Die Schreiberlinge&#8220; wurden Gedichte und Kurzgeschichten schon \u00fcber den art&amp;words Verlag von Peter R. Hellinger ver\u00f6ffentlicht. Unter anderem finden sich meine Werke in der Anthologie &#8222;Von Wanderern und Br\u00fcckenfesslern&#8220; und in der Kurzgeschichtensammlung zum Thema Vampire &#8222;Vampyrus&#8220;. Wer sich gern informieren m\u00f6chte, kann sich beim art&amp;words Verlag unter <a href=\"https:\/\/art-and-words.de\/\">www.art-and-words.de<\/a> umschauen.<\/p>\n<p>&nbsp;<\/p>\n<p>Leseprobe aus &#8222;Von Wanderern und Br\u00fcckenfesslern&#8220;:<\/p>\n<p>&nbsp;<\/p>\n<p>Der Augenblick<\/p>\n<p>&nbsp;<\/p>\n<p>Er streift meine Gedanken<\/p>\n<p>und bringt mich ins Wanken.<\/p>\n<p>Er kommt und geht;<\/p>\n<p>wird vom Wind verweht.<\/p>\n<p>&nbsp;<\/p>\n<p>Doch er kehrt zur\u00fcck,<\/p>\n<p>St\u00fcck f\u00fcr St\u00fcck.<\/p>\n<p>Vernebelt meine Sinne,<\/p>\n<p>denen ich nicht entrinne.<\/p>\n<p>&nbsp;<\/p>\n<p>Meine Gedanken er treibt<\/p>\n<p>und nicht stehen bleibt.<\/p>\n<p>Im Innern er wohnt,<\/p>\n<p>sich mit Unruhe belohnt.<\/p>\n<p>&nbsp;<\/p>\n<p>Mich nachdenklich macht,<\/p>\n<p>was Verletzlichkeit entfacht.<\/p>\n<p>Mir Verzweiflung schickt,<\/p>\n<p>an der man erstickt.<\/p>\n<p>&nbsp;<\/p>\n<p>Entscheidungen jener Augenblick verlangt,<\/p>\n<p>zu denen man sonst nicht gelangt,<\/p>\n<p>denn seine Kraft bezwingt den Willen,<\/p>\n<p>der sonst bestimmt im Stillen.<\/p>\n<p>&nbsp;<\/p>\n<p>Quelle des Bildmaterials: art&amp;words &#8211; verlag f\u00fcr kunst und literatur<\/p>\n","protected":false},"excerpt":{"rendered":"<p>&nbsp; Als Gr\u00fcndungsmitglied der seit November 2006 in N\u00fcrnberg ans\u00e4ssigen freien Autorengruppe &#8222;Die Schreiberlinge&#8220; wurden Gedichte und Kurzgeschichten schon \u00fcber den art&amp;words Verlag von Peter R. Hellinger ver\u00f6ffentlicht. Unter anderem finden sich meine Werke in der Anthologie &#8222;Von Wanderern und Br\u00fcckenfesslern&#8220; und in der Kurzgeschichtensammlung zum Thema Vampire &#8222;Vampyrus&#8220;. Wer sich gern informieren m\u00f6chte, kann [&hellip;]<\/p>\n","protected":false},"author":1,"featured_media":56,"parent":5,"menu_order":2,"comment_status":"closed","ping_status":"closed","template":"","meta":{"footnotes":""},"class_list":["post-32","page","type-page","status-publish","has-post-thumbnail","hentry"],"_links":{"self":[{"href":"https:\/\/www.made-by-doreen.de\/index.php?rest_route=\/wp\/v2\/pages\/32","targetHints":{"allow":["GET"]}}],"collection":[{"href":"https:\/\/www.made-by-doreen.de\/index.php?rest_route=\/wp\/v2\/pages"}],"about":[{"href":"https:\/\/www.made-by-doreen.de\/index.php?rest_route=\/wp\/v2\/types\/page"}],"author":[{"embeddable":true,"href":"https:\/\/www.made-by-doreen.de\/index.php?rest_route=\/wp\/v2\/users\/1"}],"replies":[{"embeddable":true,"href":"https:\/\/www.made-by-doreen.de\/index.php?rest_route=%2Fwp%2Fv2%2Fcomments&post=32"}],"version-history":[{"count":5,"href":"https:\/\/www.made-by-doreen.de\/index.php?rest_route=\/wp\/v2\/pages\/32\/revisions"}],"predecessor-version":[{"id":97,"href":"https:\/\/www.made-by-doreen.de\/index.php?rest_route=\/wp\/v2\/pages\/32\/revisions\/97"}],"up":[{"embeddable":true,"href":"https:\/\/www.made-by-doreen.de\/index.php?rest_route=\/wp\/v2\/pages\/5"}],"wp:featuredmedia":[{"embeddable":true,"href":"https:\/\/www.made-by-doreen.de\/index.php?rest_route=\/wp\/v2\/media\/56"}],"wp:attachment":[{"href":"https:\/\/www.made-by-doreen.de\/index.php?rest_route=%2Fwp%2Fv2%2Fmedia&parent=32"}],"curies":[{"name":"wp","href":"https:\/\/api.w.org\/{rel}","templated":true}]}}