{"id":34,"date":"2017-05-06T21:12:04","date_gmt":"2017-05-06T19:12:04","guid":{"rendered":"http:\/\/made-by-doreen.localhost\/?page_id=34"},"modified":"2018-08-31T19:16:23","modified_gmt":"2018-08-31T19:16:23","slug":"referenz-verfassen-eines-fantasyromans","status":"publish","type":"page","link":"https:\/\/www.made-by-doreen.de\/?page_id=34","title":{"rendered":"Referenz: Verfassen eines Fantasyromans"},"content":{"rendered":"<p>&nbsp;<\/p>\n<p><img loading=\"lazy\" decoding=\"async\" class=\"alignnone size-full wp-image-156\" src=\"http:\/\/www.made-by-doreen.de\/wp-content\/uploads\/2018\/03\/Cover-Fantasyroman.png\" alt=\"\" width=\"487\" height=\"720\" srcset=\"https:\/\/www.made-by-doreen.de\/wp-content\/uploads\/2018\/03\/Cover-Fantasyroman.png 487w, https:\/\/www.made-by-doreen.de\/wp-content\/uploads\/2018\/03\/Cover-Fantasyroman-203x300.png 203w\" sizes=\"auto, (max-width: 487px) 100vw, 487px\" \/><\/p>\n<p>Seit 2005 schreibe ich an einem vielschichtigen Fantasyroman, den ich unter meinem M\u00e4dchennamen ver\u00f6ffentlichen m\u00f6chte. Darin gibt es zahlreiche interessante Charaktere aus den unterschiedlichsten bekannten und unbekannten V\u00f6lkern der Fantasywelt, miteinander verwobenen Handlugsstr\u00e4ngen und dem gro\u00dfen Geheimnis einer alten Welt sowie einer unsterblichen Liebe.<\/p>\n<p>Lange habe ich an meinem Coverentwurf gefeilt. Seit M\u00e4rz 2018 habe ich ihn nun vollendet. Das soll aber nicht das letzte Coverbild f\u00fcr meinen Roman werden. Eine vielseitig arbeitende Autorin aus Franken wird auch noch einen beisteuern!<\/p>\n<p>Wer schon mehr zum Buch erfahren m\u00f6chte, der kann sich gern die Leseprobe durchlesen.<\/p>\n<p>Hier eine kurze Lesprobe:<\/p>\n<p>&nbsp;<\/p>\n<p><em>Blau\u2026<\/em><\/p>\n<p><em>Das Meer.<\/em><\/p>\n<p><em>Der tiefste Schimmer eines Indigo-Tons zwischen sich kr\u00e4uselnden Stellen von wei\u00dfer Gischt, welcher in die Seele einer Welt von ungeahnter Sch\u00f6nheit blicken lie\u00df.<\/em><\/p>\n<p><em>Der Wind formte kleine Wellen in die Oberfl\u00e4che, die in ewiger Verg\u00e4nglichkeit zerfielen. Der Himmel, an dem zwei Sonnen schienen, war klar; nur vereinzelt zogen Wolken am Himmel dahin. Am Horizont war die K\u00fcste eines gro\u00dfen Kontinents zu erkennen, dessen Berge in ein schimmerndes gr\u00fcn getaucht waren. Einst leuchteten sie durchdrungen von einem hellen warmen Licht.<\/em><\/p>\n<p><em>Ein Gesch\u00f6pf, das zwischen den Welten hin- und herirrte und so alt war wie der Planet selbst, gelangte eines Tages an diesen Ort. Es hatte Leben, Frieden, Kriege, Reiche und Herrscher kommen und gehen sehen, doch an ein einziges winziges Ereignis hielt es in seiner Erinnerung fest. Jenes &#8211; entsprungen aus einem Moment des Stillstands &#8211; w\u00fcrde es f\u00fcr den Rest seines Lebens nie vergessen.<\/em><\/p>\n<p>&#8230;<\/p>\n<p>Quelle des Bildmaterials: <a href=\"https:\/\/pixabay.com\/de\/portrait-frau-h%C3%BCbsch-composing-2299747\/\" target=\"_blank\" rel=\"noopener\">Pixabay &#8211; Steffan Keller (kellepics)<\/a><\/p>\n","protected":false},"excerpt":{"rendered":"<p>&nbsp; Seit 2005 schreibe ich an einem vielschichtigen Fantasyroman, den ich unter meinem M\u00e4dchennamen ver\u00f6ffentlichen m\u00f6chte. Darin gibt es zahlreiche interessante Charaktere aus den unterschiedlichsten bekannten und unbekannten V\u00f6lkern der Fantasywelt, miteinander verwobenen Handlugsstr\u00e4ngen und dem gro\u00dfen Geheimnis einer alten Welt sowie einer unsterblichen Liebe. Lange habe ich an meinem Coverentwurf gefeilt. Seit M\u00e4rz 2018 [&hellip;]<\/p>\n","protected":false},"author":1,"featured_media":156,"parent":5,"menu_order":1,"comment_status":"closed","ping_status":"closed","template":"","meta":{"footnotes":""},"class_list":["post-34","page","type-page","status-publish","has-post-thumbnail","hentry"],"_links":{"self":[{"href":"https:\/\/www.made-by-doreen.de\/index.php?rest_route=\/wp\/v2\/pages\/34","targetHints":{"allow":["GET"]}}],"collection":[{"href":"https:\/\/www.made-by-doreen.de\/index.php?rest_route=\/wp\/v2\/pages"}],"about":[{"href":"https:\/\/www.made-by-doreen.de\/index.php?rest_route=\/wp\/v2\/types\/page"}],"author":[{"embeddable":true,"href":"https:\/\/www.made-by-doreen.de\/index.php?rest_route=\/wp\/v2\/users\/1"}],"replies":[{"embeddable":true,"href":"https:\/\/www.made-by-doreen.de\/index.php?rest_route=%2Fwp%2Fv2%2Fcomments&post=34"}],"version-history":[{"count":6,"href":"https:\/\/www.made-by-doreen.de\/index.php?rest_route=\/wp\/v2\/pages\/34\/revisions"}],"predecessor-version":[{"id":194,"href":"https:\/\/www.made-by-doreen.de\/index.php?rest_route=\/wp\/v2\/pages\/34\/revisions\/194"}],"up":[{"embeddable":true,"href":"https:\/\/www.made-by-doreen.de\/index.php?rest_route=\/wp\/v2\/pages\/5"}],"wp:featuredmedia":[{"embeddable":true,"href":"https:\/\/www.made-by-doreen.de\/index.php?rest_route=\/wp\/v2\/media\/156"}],"wp:attachment":[{"href":"https:\/\/www.made-by-doreen.de\/index.php?rest_route=%2Fwp%2Fv2%2Fmedia&parent=34"}],"curies":[{"name":"wp","href":"https:\/\/api.w.org\/{rel}","templated":true}]}}