{"id":394,"date":"2020-11-23T08:57:37","date_gmt":"2020-11-23T08:57:37","guid":{"rendered":"http:\/\/www.made-by-doreen.de\/?page_id=394"},"modified":"2026-05-06T07:55:49","modified_gmt":"2026-05-06T07:55:49","slug":"honorar","status":"publish","type":"page","link":"https:\/\/www.made-by-doreen.de\/?page_id=394","title":{"rendered":"Honorar von Made by Doreen"},"content":{"rendered":"\n<p>Bereits in der Antike besa\u00dfen der Lektor (lateinisch lector f\u00fcr Leser und Vorleser), wie der Autor, (lateinisch auctor f\u00fcr Verfasser, Schriftsteller, Gr\u00fcnder und Anf\u00fchrer) <strong>spezielles Fachwissen hinsichtlich der Sprache und des geschriebenen Wortes<\/strong>.<\/p>\n\n\n\n<p>Ebenso in unserer Zeit mit K\u00fcnstlicher Intelligenz und von KI generierten Texten verf\u00fcgen Lektoren und Autoren \u00fcber wichtige Fachkompetenzen f\u00fcr die Richtigkeit unserer Sprache und deren Verschriftlichung sowie das Niederschreiben von Gedanken.<\/p>\n\n\n\n<p><strong>\u00dcber KI erzeugte Texte haben Fehler<\/strong>. Aus diesem Grund kann man nicht blind auf die Ergebnisse K\u00fcnstlicher Intelligenz vertrauen und sich auf deren Korrektheit verlassen. Au\u00dferdem fehlen diesen Texten oft die spezifischen Eigenschaften menschlicher Sprache. Jener individuelle Sprachduktus verleiht den Texten einen ganz besonderen Ausdruck.<\/p>\n\n\n\n<p>F\u00fcr allgemeine Texte ist die passende Ansprache der Zielgruppe von Bedeutung. Aber f\u00fcr <strong>erfolgreiche Marketingtexte <\/strong>ist in allen Branchen der unternehmerische Hintergrund und die zu erreichende Kundengruppe zu ber\u00fccksichtigen. Daf\u00fcr ist ein <strong>professionelles Lektorat und buchwissenschaftliche Kenntnisse unerl\u00e4sslich<\/strong>.<\/p>\n\n\n\n<p><strong>Preis\u00fcbersic<\/strong><strong>h<\/strong><strong>t der <\/strong><strong>L<\/strong><strong>eistungen von Made by Doreen<\/strong><\/p>\n\n\n\n<p><strong>Freiberufliche Lektorin bzw. freiberufliche Illustratorin<\/strong><\/p>\n\n\n\n<ol class=\"wp-block-list\">\n<li>f\u00fcr 3,50 EUR &#8211; Korrekturlesen pro Werbeflyer, pro Werbeanzeige oder pro Normseite*<\/li>\n\n\n\n<li>f\u00fcr 3,50 EUR &#8211; Korrekturlesen von Webseiten pro Men\u00fcseite<\/li>\n\n\n\n<li>f\u00fcr 4,50 EUR &#8211; Redigieren pro Normseite* (Feinschliff von Texten)<\/li>\n\n\n\n<li>f\u00fcr 4,50 EUR &#8211; Umschreiben ohne Recherche pro Normseite*<\/li>\n\n\n\n<li>f\u00fcr 5,50 EUR &#8211; Umschreiben mit Recherche pro Normseite*<\/li>\n\n\n\n<li>f\u00fcr 6,00 EUR &#8211; Lektorieren pro Normseite* (1. Lektorat: Rechtschreibung\/Grammatik)<\/li>\n\n\n\n<li>f\u00fcr 6,00 EUR &#8211; Lektorieren pro Normseite* (2. Lektorat: Inhalt)<\/li>\n\n\n\n<li>f\u00fcr 20,00 EUR &#8211; lektoratsvorbereitende Webseitenanalyse<\/li>\n\n\n\n<li>f\u00fcr 35,00 EUR &#8211; Texte verfassen pro Stunde<\/li>\n\n\n\n<li>f\u00fcr 35,00 EUR &#8211; Nachhaltige Unternehmensberatung f\u00fcr die Buchbranche<\/li>\n\n\n\n<li>f\u00fcr 35,00 EUR &#8211; (ab 2. Bild 20,00 EUR) &#8211; Illustrationen Aquarell\/Watercolor pro Auftrag (f\u00fcr B\u00fccher und Papeterie)<\/li>\n<\/ol>\n\n\n\n<p><\/p>\n\n\n\n<p><strong>Buchbranchenteilnehmer<\/strong><\/p>\n\n\n\n<ol start=\"12\" class=\"wp-block-list\">\n<li>kostenlos &#8211; Ver\u00f6ffentlichungen von Literaturevents auf Wer liest wann wo<\/li>\n\n\n\n<li>kostenlos &#8211; Buchbranchenportrait auf Made by Doreen<\/li>\n\n\n\n<li>kostenlos &#8211; Gastbeitrag auf Made by Doreen<\/li>\n\n\n\n<li>f\u00fcr 20,00 EUR &#8211; Ver\u00f6ffentlichung von Anzeigen auf Books for Users<\/li>\n\n\n\n<li>f\u00fcr 20,00 EUR &#8211; Plakaterstellung f\u00fcr DIN A3 bis DIN A2<\/li>\n<\/ol>\n\n\n\n<p><\/p>\n\n\n\n<p>* 1 Normseite umfasst: 1.000 bis 1.800 Zeichen oder 25 bis 30 Zeilen<\/p>\n\n\n\n<p><strong>Allgemeiner Stundenlohn<\/strong><\/p>\n\n\n\n<p>ab 01\/2025: 12.50 EUR &#8211; ab 05\/2026: 13,90 EUR &#8211; ab 01\/2027: 14:50 EUR<\/p>\n\n\n\n<p><\/p>\n\n\n\n<p><strong>FAQ<\/strong><\/p>\n\n\n\n<p><strong>1. Wie kannst Du mit Made by Doreen zusammenarbeiten?<\/strong><\/p>\n\n\n\n<p>Wer mit mir zusammenarbeiten m\u00f6chte, kann mich auch f\u00fcr alle anderen Auftragsanfragen rund ums Thema Marketing und Buch kontaktieren (made-by-doreen@gmx.com), siehe auch Selfmade-Marketing. Ich bin offen f\u00fcr neue interessante Projekte oder Kooperationen auch in Verbindung mit meinen Webseiten <strong><a href=\"http:\/\/www.werliestwannwo.de\" target=\"_blank\" rel=\"noreferrer noopener\">Wer liest wann wo<\/a><\/strong> (Lesungsportal), <strong><a href=\"http:\/\/www.made-by-doreen.de\" target=\"_blank\" rel=\"noreferrer noopener\">Made by Doreen<\/a><\/strong> (Buchprojekteblog bzw. Buchbranchenblog) und\/oder <strong><a href=\"http:\/\/www.books-for-users.de\" target=\"_blank\" rel=\"noreferrer noopener\">Books for Users<\/a><\/strong> (digitales Buchanzeigenportal).<\/p>\n\n\n\n<p><strong>2. Welche Qualit\u00e4tsanforderungen kennzeichnen sehr gut gepr\u00fcfte Texte von Made by Doreen?<\/strong><\/p>\n\n\n\n<p>Oft sind KI generierte Texte unpers\u00f6nlich, oberfl\u00e4chlich und ohne Tiefe. Von Menschen geschriebene Texte dagegen sind authentischer und pers\u00f6nlicher. Hervorragend geschriebene Texte zeichnen sich durch eine Vielzahl an wichtigen Kriterien aus, die ich als Lektorin und Buchwissenschaftlerin f\u00fcr Arbeiten an Texten von Made by Doreen als Qualit\u00e4tsanforderungen beachte:<\/p>\n\n\n\n<p><strong>Sprachrichtigkeit<\/strong><\/p>\n\n\n\n<p>&#8211; Rechtschreibung bzw. Orthografie und Grammatik<\/p>\n\n\n\n<p>&#8211; Einhaltung der Syntax<\/p>\n\n\n\n<p>&#8211; korrekte Verwendung von Abk\u00fcrzungen<\/p>\n\n\n\n<p>&#8211; Interpunktion bzw. Zeichensetzung<\/p>\n\n\n\n<p><strong>Schreibweisen<\/strong><\/p>\n\n\n\n<p>&#8211; Vermeidung von Redundanzen<\/p>\n\n\n\n<p>&#8211; Reduzierung von Wiederholungen<\/p>\n\n\n\n<p>&#8211; gendergerechte Sprache<\/p>\n\n\n\n<p>&#8211; sprachliche Stilmittel<\/p>\n\n\n\n<p>&#8211; Fachw\u00f6rterpr\u00fcfung und Begriffskl\u00e4rung<\/p>\n\n\n\n<p>&#8211; branchenrelevante Fachbegriffe<\/p>\n\n\n\n<p><strong>Inhalt und Sinn<\/strong><\/p>\n\n\n\n<p>&#8211; Semantik<\/p>\n\n\n\n<p>&#8211; kontinuierlicher Lesefluss<\/p>\n\n\n\n<p>&#8211; Gedankenspr\u00fcnge<\/p>\n\n\n\n<p>&#8211; Schreibstil<\/p>\n\n\n\n<p>&#8211; Sprachniveau<\/p>\n\n\n\n<p>&#8211; sprachliche Varianz<\/p>\n\n\n\n<p>&#8211; inhaltliche Konsistenz<\/p>\n\n\n\n<p><strong>Zeichengestaltung und visuelle Anordnung<\/strong><\/p>\n\n\n\n<p>&#8211; Typografie<\/p>\n\n\n\n<p>&#8211; Gliederung von Sinnabschnitten<\/p>\n\n\n\n<p>&#8211; textliche Layoutanpassung<\/p>\n\n\n\n<p>&#8211; Stimmigkeit von Textelementen, Bildern und Grafiken<\/p>\n\n\n\n<p><strong>3. Was umfasst eine Korrekturpr\u00fcfung bzw. ein Lektorat von Made by Doreen?<\/strong><\/p>\n\n\n\n<p>Das geschriebene Wort in all seinen Auspr\u00e4gungen wird von Made by Doreen sorgf\u00e4ltig auf Korrekturen oder auch in einem umfassenden Lektorat gepr\u00fcft. Auch ein gegebenenfalls vorhandenes Layout wird daf\u00fcr mit einbezogen. Eine Liste der Textsorten findest Du in der nachfolgenden Aufstellung.<\/p>\n\n\n\n<p><strong>Textformen und Textarten<\/strong><\/p>\n\n\n\n<p>&#8211; Slogans<\/p>\n\n\n\n<p>&#8211; Taglines<\/p>\n\n\n\n<p>&#8211; Teaser<\/p>\n\n\n\n<p>&#8211; Zitate<\/p>\n\n\n\n<p>&#8211; Anzeigentexte (Printanzeigen und Onlineanzeigen)<\/p>\n\n\n\n<p>&#8211; Advertorials<\/p>\n\n\n\n<p>&#8211; Social-Media-Texte<\/p>\n\n\n\n<p>&#8211; Swing-Cards<\/p>\n\n\n\n<p>&#8211; Stellenanzeigen und Stellentexte<\/p>\n\n\n\n<p>&#8211; Newsletter<\/p>\n\n\n\n<p>&#8211; E-Mails<\/p>\n\n\n\n<p>&#8211; Kundenbriefe<\/p>\n\n\n\n<p>&#8211; PR-Texte<\/p>\n\n\n\n<p>&#8211; SEA-Texte, SEO-Texte und GEO-Texte<\/p>\n\n\n\n<p>&#8211; Flyer<\/p>\n\n\n\n<p>&#8211; Produkttexte bzw. Produktbeschreibungen<\/p>\n\n\n\n<p>&#8211; Produktvergleiche<\/p>\n\n\n\n<p>&#8211; Webseiten (Hauptseite, Unterseite, Landingpage, Shopseite etc.)<\/p>\n\n\n\n<p>&#8211; Gedichte<\/p>\n\n\n\n<p>&#8211; lyrische Werke<\/p>\n\n\n\n<p>&#8211; Kurzgeschichten<\/p>\n\n\n\n<p>&#8211; Sachtexte<\/p>\n\n\n\n<p>&#8211; Novellen<\/p>\n\n\n\n<p>&#8211; Romane<\/p>\n\n\n\n<p>usw.<\/p>\n\n\n\n<p><strong>4. Wie relevant sind SEA bzw. SEO und GEO f\u00fcr online zu lesende Inhalte bei Made by Doreen?<\/strong><\/p>\n\n\n\n<p>SEA hei\u00dft Search Engine Advertising und ist eine Suchmaschinenwerbung mit Ver\u00f6ffentlichung bezahlter Textanzeigen f\u00fcr schnelle Ergebnisse in Suchmaschinenseiten.<\/p>\n\n\n\n<p>SEO meint Search Engine Optimization, das durch organische Optimierungen von Webseiten eine bessere Auffindbarkeit \u00fcber passende Keywords in Suchmaschinen erm\u00f6glicht.<\/p>\n\n\n\n<p>GEO hingegen steht f\u00fcr Generative Engine Optimization, womit strukturierte, fundierte und verst\u00e4ndliche Inhalte, also umfangreicher Content, auf Webseiten zur Erh\u00f6hung der Sichtbarkeit f\u00fcr KI-Systeme erstellt werden.<\/p>\n\n\n\n<p>Ich binde f\u00fcr Made by Doreen das Wissen hinter SEA bzw. SEO und GEO f\u00fcr online zu lesende Texte in meine Arbeit ein und verhelfe Dir zu qualitativen Texten.<\/p>\n\n\n\n<p>Stand: Mai 2026<\/p>\n\n\n\n<p><\/p>\n\n\n\n<p><\/p>\n","protected":false},"excerpt":{"rendered":"<p>Bereits in der Antike besa\u00dfen der Lektor (lateinisch lector f\u00fcr Leser und Vorleser), wie der Autor, (lateinisch auctor f\u00fcr Verfasser, Schriftsteller, Gr\u00fcnder und Anf\u00fchrer) spezielles Fachwissen hinsichtlich der Sprache und des geschriebenen Wortes. Ebenso in unserer Zeit mit K\u00fcnstlicher Intelligenz und von KI generierten Texten verf\u00fcgen Lektoren und Autoren \u00fcber wichtige Fachkompetenzen f\u00fcr die Richtigkeit [&hellip;]<\/p>\n","protected":false},"author":1,"featured_media":0,"parent":0,"menu_order":0,"comment_status":"closed","ping_status":"closed","template":"","meta":{"footnotes":""},"class_list":["post-394","page","type-page","status-publish","hentry"],"_links":{"self":[{"href":"https:\/\/www.made-by-doreen.de\/index.php?rest_route=\/wp\/v2\/pages\/394","targetHints":{"allow":["GET"]}}],"collection":[{"href":"https:\/\/www.made-by-doreen.de\/index.php?rest_route=\/wp\/v2\/pages"}],"about":[{"href":"https:\/\/www.made-by-doreen.de\/index.php?rest_route=\/wp\/v2\/types\/page"}],"author":[{"embeddable":true,"href":"https:\/\/www.made-by-doreen.de\/index.php?rest_route=\/wp\/v2\/users\/1"}],"replies":[{"embeddable":true,"href":"https:\/\/www.made-by-doreen.de\/index.php?rest_route=%2Fwp%2Fv2%2Fcomments&post=394"}],"version-history":[{"count":37,"href":"https:\/\/www.made-by-doreen.de\/index.php?rest_route=\/wp\/v2\/pages\/394\/revisions"}],"predecessor-version":[{"id":907,"href":"https:\/\/www.made-by-doreen.de\/index.php?rest_route=\/wp\/v2\/pages\/394\/revisions\/907"}],"wp:attachment":[{"href":"https:\/\/www.made-by-doreen.de\/index.php?rest_route=%2Fwp%2Fv2%2Fmedia&parent=394"}],"curies":[{"name":"wp","href":"https:\/\/api.w.org\/{rel}","templated":true}]}}