{"id":843,"date":"2025-09-29T19:48:43","date_gmt":"2025-09-29T19:48:43","guid":{"rendered":"https:\/\/www.made-by-doreen.de\/?page_id=843"},"modified":"2026-01-28T10:36:00","modified_gmt":"2026-01-28T10:36:00","slug":"nuernberger-autorengruppe-die-schreiberlinge","status":"publish","type":"page","link":"https:\/\/www.made-by-doreen.de\/?page_id=843","title":{"rendered":"N\u00fcrnberger Autorengruppe &#8222;Die Schreiberlinge&#8220;"},"content":{"rendered":"\n<p>Die N\u00fcrnberger Autorengruppe &#8222;Die Schreiberlinge&#8220; gibt es schon seit Novemer 2006. \u00dcber die Jahre hinweg haben wir gemeinsam Geschichten geschrieben, uns \u00fcber Literatur ausgetauscht, Lesungen gemacht und B\u00fccher ver\u00f6ffentlicht. Einige Autoren sind dazugekommen und einige Autoren sind weitergezogen. Doch die Lust am Schreiben und die Leidenschaft f\u00fcr die Literatur hat uns stets begleitet.<\/p>\n\n\n\n<p><strong>Autorenviten<\/strong><\/p>\n\n\n\n<p>Wer mehr \u00fcber die Autoren der Gruppe erfahren m\u00f6chte, findet nachfolgend zahlreiche Infos zu den derzeit aktiven Mitgliedern:<\/p>\n\n\n\n<p><strong>Merte Adam<\/strong><\/p>\n\n\n\n<p>Merte Adam, geboren: ja, leider jedoch in der falschen Gegend. Deshalb vor 40 Jahren ausgewandert nach Franken und hier tiefe Wurzeln geschlagen. Schreibt, gef\u00fchlt schon immer, seit rund 20 Jahren ganz ernsthaft. Themen und Genres, je nachdem, was das Leben t\u00e4glich so liefert. Geschichten zwischen Humor, knochentrocken und Philosophie mit Tiefgang. Es geht um die feinen Unterschiede zwischen Freunden, Feinden und Familie, mit Protagonisten zwischen Gott, Vampiren und Nachbarn, denen man ganz ohne Reue unverz\u00fcglich eine Fahrkarte in die H\u00f6lle spendieren w\u00fcrde (ersatzweise einen Sack Fl\u00f6he an einer sehr delikaten Stelle).<\/p>\n\n\n\n<p>1. Preis und Publikumspreis beim Fr\u00e4nkischer Literaturpreis 2025 des AVF, <strong>AutorenVerband Franken<\/strong><br>Ver\u00f6ffentlichungen in verschiedenen Anthologien.<br>Viele \u00f6ffentliche Lesungen an verschiedenen Orten.<\/p>\n\n\n\n<figure class=\"wp-block-image size-full is-resized\"><img loading=\"lazy\" decoding=\"async\" width=\"642\" height=\"890\" src=\"http:\/\/www.made-by-doreen.de\/wp-content\/uploads\/2025\/09\/Merte-Adam.jpg\" alt=\"\" class=\"wp-image-844\" style=\"aspect-ratio:0.7213647441104792;width:206px;height:auto\" srcset=\"https:\/\/www.made-by-doreen.de\/wp-content\/uploads\/2025\/09\/Merte-Adam.jpg 642w, https:\/\/www.made-by-doreen.de\/wp-content\/uploads\/2025\/09\/Merte-Adam-216x300.jpg 216w\" sizes=\"auto, (max-width: 642px) 100vw, 642px\" \/><figcaption class=\"wp-element-caption\">Merte Adam<\/figcaption><\/figure>\n\n\n\n<p><strong><a href=\"http:\/\/www.made-by-doreen.de\" data-type=\"link\" data-id=\"www.made-by-doreen.de\" target=\"_blank\" rel=\"noreferrer noopener\">Doreen F\u00f6rtsch\/Doreen K\u00fchne<\/a><\/strong><\/p>\n\n\n\n<p>Wer h\u00e4tte es gedacht, dass die aus einem Schreibkurs bei <strong>Ingrid von Engelhardt<\/strong> im Herbst 2006 gegr\u00fcndete N\u00fcrnberger Autorengruppe <strong><a href=\"https:\/\/art-and-words.de\/index.php\/buecher\/uebersicht-autoren\/77-die-schreiberlinge.html\" target=\"_blank\" rel=\"noreferrer noopener\">Die Schreiberlinge<\/a><\/strong> sich immer noch gerne trifft, \u00fcber Literatur philosophiert, Geschichten erschafft und Projekte realisieren m\u00f6chte. Ich, aus den neuen Bundesl\u00e4ndern stammend und als Gr\u00fcndungsmittglied neben <strong><a href=\"https:\/\/helli.de\" data-type=\"link\" data-id=\"https:\/\/helli.de\" target=\"_blank\" rel=\"noreferrer noopener\">Peter Hellinger<\/a><\/strong>, habe damit sicherlich nicht gerechnet. Aber auch wenn alles mit Gedichten \u00fcber meine Abiturzeit anfing, in einer Arbeit an einem Fantasyroman, Kurzgeschichten und Blogbeitr\u00e4gen \u00fcberging und ich nun als Buchwissenschaftlerin und Lektorin t\u00e4glich mit Literatur und B\u00fcchern zu tun habe, bin ich mit Feuer und Flamme ein festes Mitglied in dieser Autorengruppe und die Freundschaft zu allen Mitgliedern m\u00f6chte ich nicht missen.<\/p>\n\n\n\n<p>Obwohl ich noch nicht auf einem Buch gestanden habe, so bin ich doch schon in B\u00fcchern mit meinen Werken ver\u00f6ffentlicht worden. Meine Kinderbuchgeschichten noch nicht, doch das ist ein weiteres Projekt.<\/p>\n\n\n\n<p>Inhaberin vom:<\/p>\n\n\n\n<p>Lesungsportal <strong><a href=\"http:\/\/www.werliestwannwo.de\" target=\"_blank\" rel=\"noreferrer noopener\">Wer liest wann wo<\/a><\/strong><\/p>\n\n\n\n<p>Buchbranchenblog <strong><a href=\"http:\/\/www.made-by-doreen.de\" target=\"_blank\" rel=\"noreferrer noopener\">Made by Doreen<\/a><\/strong><\/p>\n\n\n\n<p>Buchanzeigenportal <strong><a href=\"http:\/\/www.books-for-users.de\" data-type=\"link\" data-id=\"www.books-for-users.de\" target=\"_blank\" rel=\"noreferrer noopener\">Books for Users<\/a><\/strong><\/p>\n\n\n\n<p><strong>Gabriele S. Schlegel<\/strong><\/p>\n\n\n\n<p>Gabriele S. Schlegel ist eine Autorin aus N\u00fcrnberg und Mitglied der Autorengruppe <strong><a href=\"https:\/\/art-and-words.de\/index.php\/buecher\/uebersicht-autoren\/77-die-schreiberlinge.html\" data-type=\"link\" data-id=\"https:\/\/art-and-words.de\/index.php\/buecher\/uebersicht-autoren\/77-die-schreiberlinge.html\" target=\"_blank\" rel=\"noreferrer noopener\">Die Schreiberlinge<\/a><\/strong>. Geboren in N\u00fcrnberg, schreibt sie \u00fcberwiegend Prosa \u2013 sowohl erfundenes als auch autobiografisches \u2013 darunter Punkgeschichten, die sie in den wilden 70igern erlebt hat. Ihre Ver\u00f6ffentlichungen finden sich in B\u00fcchern der <strong><a href=\"https:\/\/art-and-words.de\/index.php\/buecher\/uebersicht-autoren\/77-die-schreiberlinge.html\" data-type=\"link\" data-id=\"https:\/\/art-and-words.de\/index.php\/buecher\/uebersicht-autoren\/77-die-schreiberlinge.html\" target=\"_blank\" rel=\"noreferrer noopener\">Schreiberlinge<\/a><\/strong>, im Sammelband <strong><a href=\"https:\/\/art-and-words.de\/index.php\/buecher\/43-buch-grimms\" data-type=\"link\" data-id=\"https:\/\/art-and-words.de\/index.php\/buecher\/43-buch-grimms\" target=\"_blank\" rel=\"noreferrer noopener\">Wenn das die Grimms w\u00fcssten<\/a><\/strong> und in verschiedenen Zeitschriften.<\/p>\n\n\n\n<p>Neben dem Schreiben ist Susanne verheiratet und Mutter von zwei Kindern, die inzwischen erwachsen sind. Sie hat bei \u00f6ffentlichen Lesungen mitgewirkt, darunter \u201e<strong>Eine Stadt liest<\/strong>\u201c, bei <strong>10 Jahre Literarisches Caf\u00e9<\/strong> sowie Lesungen zu den B\u00fcchern der <strong><a href=\"https:\/\/art-and-words.de\/index.php\/buecher\/uebersicht-autoren\/77-die-schreiberlinge.html\" target=\"_blank\" rel=\"noreferrer noopener\">Schreiberlinge<\/a><\/strong>.<\/p>\n\n\n\n<figure class=\"wp-block-image size-large is-resized\"><img loading=\"lazy\" decoding=\"async\" width=\"755\" height=\"1024\" src=\"http:\/\/www.made-by-doreen.de\/wp-content\/uploads\/2026\/01\/Gabi-Schlegel-755x1024.jpg\" alt=\"\" class=\"wp-image-876\" style=\"aspect-ratio:0.7373172539244088;width:206px;height:auto\" srcset=\"https:\/\/www.made-by-doreen.de\/wp-content\/uploads\/2026\/01\/Gabi-Schlegel-755x1024.jpg 755w, https:\/\/www.made-by-doreen.de\/wp-content\/uploads\/2026\/01\/Gabi-Schlegel-221x300.jpg 221w, https:\/\/www.made-by-doreen.de\/wp-content\/uploads\/2026\/01\/Gabi-Schlegel-768x1042.jpg 768w, https:\/\/www.made-by-doreen.de\/wp-content\/uploads\/2026\/01\/Gabi-Schlegel-1132x1536.jpg 1132w, https:\/\/www.made-by-doreen.de\/wp-content\/uploads\/2026\/01\/Gabi-Schlegel-1510x2048.jpg 1510w, https:\/\/www.made-by-doreen.de\/wp-content\/uploads\/2026\/01\/Gabi-Schlegel-scaled.jpg 1887w\" sizes=\"auto, (max-width: 755px) 100vw, 755px\" \/><figcaption class=\"wp-element-caption\">Gabriele S. Schlegel<\/figcaption><\/figure>\n\n\n\n<p><strong>Monika Hessberger<\/strong><\/p>\n\n\n\n<p>Seit vielen Jahren ist sie Mitglied bei den <strong><a href=\"https:\/\/art-and-words.de\/index.php\/buecher\/uebersicht-autoren\/77-die-schreiberlinge.html\" data-type=\"link\" data-id=\"https:\/\/art-and-words.de\/index.php\/buecher\/uebersicht-autoren\/77-die-schreiberlinge.html\" target=\"_blank\" rel=\"noreferrer noopener\">Schreiberlingen<\/a><\/strong>, war eine Zeit lang seltener Gast aus der Ferne und wirkt heute wieder mit gro\u00dfer Freude und Engagement mit. Einen Koffer hat sie immer noch in Berlin.<\/p>\n\n\n\n<p>Als Juristin arbeitet sie an wissenschaftlichen Texten, juristischen Schrifts\u00e4tzen und Publikationen. Als Autorin wurde sie in den freien Schreibwerkst\u00e4tten geschult und ausgebildet, unter anderem viele Jahre bei <strong>Ingrid von Engelhardt<\/strong> in N\u00fcrnberg. An einigen Literaturprojekten und Lesungen durfte sie schon teilnehmen. Als Radiomacherin hat sie nebenberuflich \u00fcber 15 Jahre bei einem freien Radiosender moderiert, Interviews mit Studiog\u00e4sten gef\u00fchrt sowie Features und Beitr\u00e4ge gestaltet. Einige ihrer Radioarbeiten wurden ausgezeichnet.<\/p>\n\n\n\n<p>Sie feilt gerne am geschriebenen und gesprochenen Wort. In der freien kreativen Arbeit bekommt sie den Kopf frei und bringt ab und zu ein paar \u00c4rgernisse mental um die Ecke, oft zur Freude des Publikums \u2013 und manchmal sogar mit Erkenntnisgewinn.<\/p>\n\n\n\n<p><strong>Verena Nagel<\/strong><\/p>\n\n\n\n<p>In Karlsruhe geboren und nach ihrem Studium der Volkswirtschaftslehre nach N\u00fcrnberg gekommen, ist sie nun schon eine gef\u00fchlte Ewigkeit in der Stadt, genauer seit Mitte der 80er, und hat hier Wurzeln geschlagen.<\/p>\n\n\n\n<p>Ihre ersten Schritte als Autorin in die \u00d6ffentlichkeit machte sie Anfang der 2000er Jahre in der Welt der Fanfiction \u2013 einer kreativen Spielwiese, in der das unmittelbare Feedback der Community zu einer wertvollen Lernkurve wurde. Doch bald schon reichte ihr das nicht mehr. So setzte sie ihren Weg fort und fing an, eigene Figuren und Welten zu entwickeln. Ihr schriftstellerisches Handwerkszeug hat sie unter anderem in einer Online-Schreibwerkstatt gesch\u00e4rft.<\/p>\n\n\n\n<p>Mitglied der N\u00fcrnberger freien Autorengruppe <strong><a href=\"https:\/\/art-and-words.de\/index.php\/buecher\/uebersicht-autoren\/77-die-schreiberlinge.html\" data-type=\"link\" data-id=\"https:\/\/art-and-words.de\/index.php\/buecher\/uebersicht-autoren\/77-die-schreiberlinge.html\" target=\"_blank\" rel=\"noreferrer noopener\">Die Schreiberlinge<\/a><\/strong><em>, <\/em>sch\u00e4tzt sie den inspirierenden Austausch mit anderen Schreibenden ebenso wie gem\u00fctliche Plaudereien \u00fcber Gott und die Welt. Einige ihrer Kurzgeschichten wurden in Anthologien und Literaturzeitschriften ver\u00f6ffentlicht.<\/p>\n\n\n\n<p>Als Krimifan begann sie vor einiger Zeit mit der Arbeit an ihrem ersten Krimi: Das Manuskript ist zu drei Vierteln fertig und wartet darauf, aus seinem Winterschlaf geweckt zu werden. Wer der M\u00f6rder ist, steht jedenfalls schon fest.<\/p>\n\n\n\n<p><strong>Patrick Schlegel<\/strong><\/p>\n\n\n\n<p>Vom Alter her das j\u00fcngste Mitglied der N\u00fcrnberger freien Autorengruppe <strong><a href=\"https:\/\/art-and-words.de\/index.php\/buecher\/uebersicht-autoren\/77-die-schreiberlinge.html\" data-type=\"link\" data-id=\"https:\/\/art-and-words.de\/index.php\/buecher\/uebersicht-autoren\/77-die-schreiberlinge.html\" target=\"_blank\" rel=\"noreferrer noopener\">Die Schreiberlinge<\/a><\/strong>.<\/p>\n","protected":false},"excerpt":{"rendered":"<p>Die N\u00fcrnberger Autorengruppe &#8222;Die Schreiberlinge&#8220; gibt es schon seit Novemer 2006. \u00dcber die Jahre hinweg haben wir gemeinsam Geschichten geschrieben, uns \u00fcber Literatur ausgetauscht, Lesungen gemacht und B\u00fccher ver\u00f6ffentlicht. Einige Autoren sind dazugekommen und einige Autoren sind weitergezogen. Doch die Lust am Schreiben und die Leidenschaft f\u00fcr die Literatur hat uns stets begleitet. Autorenviten Wer [&hellip;]<\/p>\n","protected":false},"author":1,"featured_media":0,"parent":0,"menu_order":0,"comment_status":"closed","ping_status":"closed","template":"","meta":{"footnotes":""},"class_list":["post-843","page","type-page","status-publish","hentry"],"_links":{"self":[{"href":"https:\/\/www.made-by-doreen.de\/index.php?rest_route=\/wp\/v2\/pages\/843","targetHints":{"allow":["GET"]}}],"collection":[{"href":"https:\/\/www.made-by-doreen.de\/index.php?rest_route=\/wp\/v2\/pages"}],"about":[{"href":"https:\/\/www.made-by-doreen.de\/index.php?rest_route=\/wp\/v2\/types\/page"}],"author":[{"embeddable":true,"href":"https:\/\/www.made-by-doreen.de\/index.php?rest_route=\/wp\/v2\/users\/1"}],"replies":[{"embeddable":true,"href":"https:\/\/www.made-by-doreen.de\/index.php?rest_route=%2Fwp%2Fv2%2Fcomments&post=843"}],"version-history":[{"count":9,"href":"https:\/\/www.made-by-doreen.de\/index.php?rest_route=\/wp\/v2\/pages\/843\/revisions"}],"predecessor-version":[{"id":877,"href":"https:\/\/www.made-by-doreen.de\/index.php?rest_route=\/wp\/v2\/pages\/843\/revisions\/877"}],"wp:attachment":[{"href":"https:\/\/www.made-by-doreen.de\/index.php?rest_route=%2Fwp%2Fv2%2Fmedia&parent=843"}],"curies":[{"name":"wp","href":"https:\/\/api.w.org\/{rel}","templated":true}]}}